{"id":101,"date":"2024-03-27T16:22:26","date_gmt":"2024-03-27T16:22:26","guid":{"rendered":"https:\/\/starforce-mg.net\/?page_id=101"},"modified":"2024-03-27T16:22:26","modified_gmt":"2024-03-27T16:22:26","slug":"home","status":"publish","type":"page","link":"https:\/\/starforce-mg.net\/","title":{"rendered":"Home"},"content":{"rendered":"<p class=\"has-text-align-center has-medium-font-size\" style=\"text-align: center;\"><span style=\"color: #ffcc00;\"><strong>Herzlich Willkommen auf unserer Homepage!!<\/strong><\/span><\/p>\r\n<p style=\"text-align: center;\"><!-- \/wp:post-content --><!-- wp:paragraph {\"align\":\"center\"} --><\/p>\r\n<p class=\"has-text-align-center\" style=\"text-align: center;\"><span style=\"color: #ffcc99;\"><strong>Wir vom =S*F= Clan freuen uns \u00fcber Euren Besuch und w\u00fcnschen Euch\u00a0<\/strong><strong>viel Spa\u00df beim St\u00f6bern.<\/strong><\/span><\/p>\r\n<p style=\"text-align: center;\"><span style=\"color: #ffcc99;\"><!-- \/wp:paragraph --><!-- wp:paragraph {\"align\":\"center\"} --><\/span><\/p>\r\n<p class=\"has-text-align-center\" style=\"text-align: center;\"><span style=\"color: #ffcc99;\"><strong>=S*F= steht f\u00fcr Spa\u00df am Zocken in den verschiedenen Battlefield Versionen,<\/strong><\/span><\/p>\r\n<p style=\"text-align: center;\"><span style=\"color: #ffcc99;\"><!-- \/wp:paragraph --><!-- wp:paragraph {\"align\":\"center\"} --><\/span><\/p>\r\n<p class=\"has-text-align-center\" style=\"text-align: center;\"><span style=\"color: #ffcc99;\"><strong>Unreal Tournament 99, Star Wars Battlefront und was sonst<\/strong><\/span><\/p>\r\n<p style=\"text-align: center;\"><span style=\"color: #ffcc99;\"><!-- \/wp:paragraph --><!-- wp:paragraph {\"align\":\"center\"} --><\/span><\/p>\r\n<p class=\"has-text-align-center\" style=\"text-align: center;\"><span style=\"color: #ffcc99;\"><strong>noch alles Spa\u00df macht an Spielen.<\/strong><\/span><\/p>\r\n<p style=\"text-align: center;\"><span style=\"color: #ffcc99;\"><!-- \/wp:paragraph --><!-- wp:paragraph {\"align\":\"center\"} --><\/span><\/p>\r\n<p class=\"has-text-align-center\" style=\"text-align: center;\"><span style=\"color: #ffcc99;\"><strong>Besucht uns auch auf unserem<\/strong><\/span><\/p>\r\n<p style=\"text-align: center;\"><!-- \/wp:paragraph --><!-- wp:paragraph {\"align\":\"center\",\"textColor\":\"luminous-vivid-orange\"} --><\/p>\r\n<p class=\"has-text-align-center has-luminous-vivid-orange-color has-text-color\" style=\"text-align: center;\"><strong>Teamspeakserver<\/strong>:<\/p>\r\n<p style=\"text-align: center;\"><!-- \/wp:paragraph --><!-- wp:paragraph {\"align\":\"center\",\"textColor\":\"luminous-vivid-amber\"} --><\/p>\r\n<p class=\"has-text-align-center has-luminous-vivid-amber-color has-text-color\" style=\"text-align: center;\"><strong>85.214.27.254<\/strong><\/p>\r\n<img loading=\"lazy\" decoding=\"async\" class=\"alignnone  wp-image-18 aligncenter\" src=\"https:\/\/starforce-mg.net\/wp-content\/uploads\/2024\/03\/2955059194606976460-300x300.png\" alt=\"\" width=\"127\" height=\"127\" srcset=\"https:\/\/starforce-mg.net\/wp-content\/uploads\/2024\/03\/2955059194606976460-300x300.png 300w, https:\/\/starforce-mg.net\/wp-content\/uploads\/2024\/03\/2955059194606976460-150x150.png 150w, https:\/\/starforce-mg.net\/wp-content\/uploads\/2024\/03\/2955059194606976460.png 320w\" sizes=\"auto, (max-width: 127px) 100vw, 127px\" \/>","protected":false},"excerpt":{"rendered":"<p>Herzlich Willkommen auf unserer Homepage!! Wir vom =S*F= Clan freuen uns \u00fcber Euren Besuch und w\u00fcnschen Euch\u00a0viel Spa\u00df beim St\u00f6bern. =S*F= steht f\u00fcr Spa\u00df am Zocken in den verschiedenen Battlefield Versionen, Unreal Tournament 99, Star Wars Battlefront und was sonst noch alles Spa\u00df macht an Spielen. Besucht uns auch auf unserem Teamspeakserver: 85.214.27.254<\/p>\n","protected":false},"author":1,"featured_media":0,"parent":0,"menu_order":0,"comment_status":"closed","ping_status":"closed","template":"","meta":{"footnotes":""},"class_list":["post-101","page","type-page","status-publish","hentry"],"_links":{"self":[{"href":"https:\/\/starforce-mg.net\/index.php?rest_route=\/wp\/v2\/pages\/101","targetHints":{"allow":["GET"]}}],"collection":[{"href":"https:\/\/starforce-mg.net\/index.php?rest_route=\/wp\/v2\/pages"}],"about":[{"href":"https:\/\/starforce-mg.net\/index.php?rest_route=\/wp\/v2\/types\/page"}],"author":[{"embeddable":true,"href":"https:\/\/starforce-mg.net\/index.php?rest_route=\/wp\/v2\/users\/1"}],"replies":[{"embeddable":true,"href":"https:\/\/starforce-mg.net\/index.php?rest_route=%2Fwp%2Fv2%2Fcomments&post=101"}],"version-history":[{"count":1,"href":"https:\/\/starforce-mg.net\/index.php?rest_route=\/wp\/v2\/pages\/101\/revisions"}],"predecessor-version":[{"id":102,"href":"https:\/\/starforce-mg.net\/index.php?rest_route=\/wp\/v2\/pages\/101\/revisions\/102"}],"wp:attachment":[{"href":"https:\/\/starforce-mg.net\/index.php?rest_route=%2Fwp%2Fv2%2Fmedia&parent=101"}],"curies":[{"name":"wp","href":"https:\/\/api.w.org\/{rel}","templated":true}]}}